{"id":7316,"date":"2020-11-19T19:33:51","date_gmt":"2020-11-19T18:33:51","guid":{"rendered":"https:\/\/www.normandy-jump.fr\/trampoline-park\/?post_type=product&#038;p=7316"},"modified":"2020-11-21T16:00:40","modified_gmt":"2020-11-21T15:00:40","slug":"box-normandy-jump","status":"publish","type":"product","link":"https:\/\/www.normandy-jump.fr\/trampoline-park\/produit\/box-normandy-jump\/","title":{"rendered":"Box Normandy Jump"},"content":{"rendered":"<h1 style=\"text-align: center;\"><span style=\"font-size: 12pt;\">Les Box Normandy Jump seront id\u00e9ales pour toutes les personnes qui veulent d\u00e9couvrir notre Trampoline park. Elle seront parfaites sous votre sapin de no\u00ebl ou en cadeau d&rsquo;anniversaire !<\/span><\/h1>\n<p><span style=\"font-size: 12pt;\">En effet, dans ces box il y a tout le n\u00e9cessaire pour venir jouer et se d\u00e9penser au Trampoline park Normandy Jump : <b>des chaussettes antid\u00e9rapantes, des t-shirts, des casquettes. Ainsi que des places acc\u00e8s libre 1h ou un carnet 10 places d&rsquo;une heure !<\/b><\/span><\/p>\n<p><span style=\"font-size: 12pt;\">Comment la commander ? C&rsquo;est simple : choisissez votre box et les options. R\u00e9glez en ligne. Recevez ces produits dans une <strong>box<\/strong>, aux couleurs de Normandy Jump, pr\u00e9par\u00e9 par nos soins et livr\u00e9 chez vous !<\/span><\/p>\n<p><span style=\"font-size: 12pt;\">Offrez cette box \u00e0 votre enfant ou \u00e0 vos parents ! Plaisir assur\u00e9 !<\/span><\/p>\n<p><span style=\"font-size: 12pt;\">L&rsquo;\u00e9quipe du Trampoline Park Normandy jump est heureuse de vous proposer ces belles boxes.<\/span><\/p>\n<h2 style=\"text-align: center;\"><span style=\"font-size: 12pt;\">Les <\/span><span style=\"font-size: 12pt;\"><a href=\"https:\/\/www.normandy-jump.fr\/trampoline-park\/trampoline-park-caen\/\">activit\u00e9s<\/a><\/span><span style=\"font-size: 12pt;\"> dans notre trampoline park sont toutes sportives, amusante et accessible.<\/span><\/h2>\n<p><span style=\"font-size: 12pt;\">Tout d&rsquo;abord, l&rsquo;\u00e9l\u00e9ment phare est bien sur notre \u00ab\u00a0<strong>Parkour Ninja\u00a0\u00bb<\/strong> !<\/span><br \/>\n<span style=\"font-size: 12pt;\">Impossible de ne pas \u00eatre tent\u00e9 de battre le records de rapidit\u00e9 et de r\u00e9veiller le Ninja qui sommeille en nous !<\/span><\/p>\n<p><span style=\"font-size: 12pt;\">Ensuite, le \u00ab\u00a0<strong>Bac \u00e0 mousse\u00a0\u00bb.<\/strong> Il nous permet de sauter, vriller, freestyler en toute s\u00e9curit\u00e9.<br \/>\n<\/span><span style=\"font-size: 12pt;\">En effet, gr\u00e2ce aux centaine de cubes de mousse pr\u00e9sent pour amortir notre chute, adieux la peur de se lancer dans des figures !<\/span><\/p>\n<p><span style=\"font-size: 12pt;\">L&rsquo;activit\u00e9 tr\u00e8s pris\u00e9es des gymnaste est bien sur : la \u00ab\u00a0<strong>Tumbline\u00a0\u00bb<\/strong>.<\/span><br \/>\n<span style=\"font-size: 12pt;\">Cette toile de trampoline longue de 15m de long nous permets d&rsquo;essayer des encha\u00eenements dignes des plus grands(es) gymnastes. Elle peut aussi servir aux moins sportif d&rsquo;entre nous pour s&rsquo;amuser \u00e0 sauter en avan\u00e7ant.<\/span><\/p>\n<p><span style=\"font-size: 12pt;\">De plus, nous avons aussi une \u00ab\u00a0<strong>Zone Free*\u00a0\u00bb<\/strong> et comme son nom l&rsquo;indique vous \u00eates libre de faire ce que vous voulez !<\/span><br \/>\n<span style=\"font-size: 12pt;\">Avec ces toiles de trampoline au sol et sur les cot\u00e9s, c&rsquo;est LA zone o\u00f9 vous pourrez vous \u00e9clater.<\/span><\/p>\n<p><span style=\"font-size: 12pt;\">Par la suite, si vous avez envie de faire monter votre cardio, pas de probl\u00e8me, nous avons l&rsquo;activit\u00e9 ad\u00e9quat : la \u00ab\u00a0<strong>Cageball\u00a0\u00bb<\/strong>!<\/span><br \/>\n<span style=\"font-size: 12pt;\">Et oui ces petites cages \u00ab\u00a0un conte un\u00a0\u00bb, sont super. Le but ? \u00e0 l&rsquo;aide d&rsquo;une balle vous devrez sauter, viser et marquer dans l&rsquo;anneau adverse. Afin de marquer des points et peut-\u00eatre de remporter le match ! Un conseil : une match en 3 points est suffisant !<\/span><\/p>\n<p><span style=\"font-size: 12pt;\">Le clou du spectacle : notre \u00ab\u00a0<strong>Terrain Multisport\u00a0\u00bb<\/strong> !<\/span><br \/>\n<span style=\"font-size: 12pt;\">Tennis, basket, volley, trampowall, voil\u00e0 la plupart des activit\u00e9 que vous pourrez faire dans cet espace ! Il y a de quoi s&rsquo;amuser (ou s&rsquo;\u00e9puiser).<\/span><\/p>\n<h2 style=\"text-align: center;\"><span style=\"font-size: 12pt;\">La vie au Trampoline park<\/span><\/h2>\n<p><span style=\"font-size: 12pt;\">Tous ces espaces vous seront accessible librement. Vous avez une entr\u00e9e acc\u00e8s libre ? Pas de restrictions !<\/span><br \/>\n<span style=\"font-size: 12pt;\">Nous veillons bien entendue \u00e0 votre <\/span><span style=\"font-size: 12pt;\"><a href=\"http:\/\/normandy-jump.fr\/trampoline-park\/trampoline-park-caen\/\"><strong>s\u00e9curit\u00e9<\/strong><\/a><\/span><span style=\"font-size: 12pt;\"> et \u00e0 votre <strong>bonheur<\/strong>. C&rsquo;est pourquoi, nos animateurs et animatrices, vous accompagnent tout au long de votre exp\u00e9rience pour vous faire passer un moment fun, vous <strong>conseiller<\/strong> et assurer la s\u00e9curit\u00e9.<\/span><\/p>\n<p><span style=\"font-size: 12pt;\">Pendant votre session ou \u00e0 la fin de celle-ci, vous pourrez si vous le souhaitez vous d\u00e9salt\u00e9rer avec un peu d&rsquo;eau ou autre boisons et sodas. Ainsi que des barres de chocolats, cr\u00eapes ou gaufres, par exemple. Nos experts seront ravis de vous servir ! En effet notre espace <strong>snacking<\/strong> est disponible et accessible \u00e0 tout moment.<\/span><\/p>\n<p><span style=\"font-size: 12pt;\">Pour finir, un <strong>espace d\u00e9tente<\/strong> est accessible \u00e0 tous les accompagnant. Ils pourront s&rsquo;installer dans nos canap\u00e9s et patienter avec une petite boisons. C&rsquo;est aussi agr\u00e9able que de s&rsquo;amuser dans le trampoline park !<\/span><\/p>\n<p><span style=\"font-size: 12pt;\">Des <strong>casiers et vestiaires<\/strong> sont disponibles et en libre acc\u00e8s pour vous permettre de venir vous amuser sereinement. Laisser vos affaires \u00e0 l&rsquo;abri dans des casiers \u00e0 verrou. Vous pourrez aussi vous mettre en tenue de sport tranquillement dans le vestiaire.<\/span><\/p>\n<h3 style=\"text-align: center;\"><span style=\"font-size: 12pt;\"><strong>N&rsquo;h\u00e9sitez pas \u00e0 faire un tour sur notre page Facebook<\/strong><\/span><\/h3>\n<h3 style=\"text-align: center;\"><span style=\"font-size: 12pt;\"><strong>et notre page Instagram<\/strong><\/span><\/h3>\n<h3 style=\"text-align: center;\"><span style=\"font-size: 12pt;\"><strong><a href=\"https:\/\/www.facebook.com\/trampolineparkcaennormandyjump\/\">Caen<\/a><\/strong><\/span><span style=\"font-size: 12pt;\"><strong> et <\/strong><\/span><span style=\"font-size: 12pt;\"><strong><a href=\"https:\/\/www.facebook.com\/trampolineparklehavre\">Le Havre<\/a><\/strong><\/span><span style=\"font-size: 12pt;\"><strong> pour voir les parcs plein de vie !\u00a0<\/strong><\/span><\/h3>\n<p><span style=\"font-size: 10pt;\">Pour plus d&rsquo;informations n&rsquo;h\u00e9sitez pas a nous contacter via le <\/span><span style=\"font-size: 10pt;\"><a href=\"https:\/\/www.normandy-jump.fr\/trampoline-park\/contact\/\">formulaire<\/a><\/span><span style=\"font-size: 10pt;\">.<\/span><\/p>\n<p>&nbsp;<\/p>\n<p><span style=\"font-size: 10pt;\">*free = libre<\/span><\/p>\n","protected":false},"excerpt":{"rendered":"<p>No\u00ebl approche \u00e0 grand pas. Id\u00e9al pour s&rsquo;\u00e9vader, bien manger et bien s\u00fbr&#8230; s&rsquo;offrir des cadeaux !<\/p>\n<p>Et quoi de plus agr\u00e9able qu&rsquo;une s\u00e9ance de jump ? Surprenez quelqu&rsquo;un avec une <strong>Box Normandy Jump<\/strong> !<\/p>\n<p>Vous avez le choix entre <strong>6 boxes diff\u00e9rentes<\/strong>, plus cools les unes que les autres et sans date de validit\u00e9 ! Avec \u00e7a, plus de doute, vous ferez forcement plaisir \u00e0 vos proches !<\/p>\n","protected":false},"featured_media":7374,"template":"","meta":{"_exactmetrics_skip_tracking":false,"_exactmetrics_sitenote_active":false,"_exactmetrics_sitenote_note":"","_exactmetrics_sitenote_category":0},"product_cat":[50],"product_tag":[],"class_list":{"0":"post-7316","1":"product","2":"type-product","3":"status-publish","4":"has-post-thumbnail","6":"product_cat-box-normandy-jump","8":"first","9":"instock","10":"shipping-taxable","11":"purchasable","12":"product-type-variable"},"yoast_head":"<!-- This site is optimized with the Yoast SEO plugin v26.6 - https:\/\/yoast.com\/wordpress\/plugins\/seo\/ -->\n<title>Box Normandy Jump - Trampoline Park Le Havre | Normandy Jump<\/title>\n<meta name=\"description\" content=\"D\u00e9couvrez les box Trampoline Park Normandy Jump ! Faites plaisir \u00e0 vos proches et offrez leur un moment fun et sportif sur les trampolines !\" \/>\n<meta name=\"robots\" content=\"index, follow, max-snippet:-1, max-image-preview:large, max-video-preview:-1\" \/>\n<link rel=\"canonical\" href=\"https:\/\/www.normandy-jump.fr\/trampoline-park\/produit\/box-normandy-jump\/\" \/>\n<meta property=\"og:locale\" content=\"fr_FR\" \/>\n<meta property=\"og:type\" content=\"article\" \/>\n<meta property=\"og:title\" content=\"Box Normandy Jump - Trampoline Park Le Havre | Normandy Jump\" \/>\n<meta property=\"og:description\" content=\"D\u00e9couvrez les box Trampoline Park Normandy Jump ! Faites plaisir \u00e0 vos proches et offrez leur un moment fun et sportif sur les trampolines !\" \/>\n<meta property=\"og:url\" content=\"https:\/\/www.normandy-jump.fr\/trampoline-park\/produit\/box-normandy-jump\/\" \/>\n<meta property=\"og:site_name\" content=\"Trampoline Park Le Havre | Normandy Jump\" \/>\n<meta property=\"article:modified_time\" content=\"2020-11-21T15:00:40+00:00\" \/>\n<meta property=\"og:image\" content=\"https:\/\/www.normandy-jump.fr\/trampoline-park\/wp-content\/uploads\/2020\/11\/bonfond-1.png\" \/>\n\t<meta property=\"og:image:width\" content=\"2000\" \/>\n\t<meta property=\"og:image:height\" content=\"2000\" \/>\n\t<meta property=\"og:image:type\" content=\"image\/png\" \/>\n<meta name=\"twitter:card\" content=\"summary_large_image\" \/>\n<meta name=\"twitter:label1\" content=\"Dur\u00e9e de lecture estim\u00e9e\" \/>\n\t<meta name=\"twitter:data1\" content=\"3 minutes\" \/>\n<script type=\"application\/ld+json\" class=\"yoast-schema-graph\">{\"@context\":\"https:\/\/schema.org\",\"@graph\":[{\"@type\":\"WebPage\",\"@id\":\"https:\/\/www.normandy-jump.fr\/trampoline-park\/produit\/box-normandy-jump\/\",\"url\":\"https:\/\/www.normandy-jump.fr\/trampoline-park\/produit\/box-normandy-jump\/\",\"name\":\"Box Normandy Jump - Trampoline Park Le Havre | Normandy Jump\",\"isPartOf\":{\"@id\":\"https:\/\/www.normandy-jump.fr\/trampoline-park\/#website\"},\"primaryImageOfPage\":{\"@id\":\"https:\/\/www.normandy-jump.fr\/trampoline-park\/produit\/box-normandy-jump\/#primaryimage\"},\"image\":{\"@id\":\"https:\/\/www.normandy-jump.fr\/trampoline-park\/produit\/box-normandy-jump\/#primaryimage\"},\"thumbnailUrl\":\"https:\/\/www.normandy-jump.fr\/trampoline-park\/wp-content\/uploads\/2020\/11\/bonfond-1.png\",\"datePublished\":\"2020-11-19T18:33:51+00:00\",\"dateModified\":\"2020-11-21T15:00:40+00:00\",\"description\":\"D\u00e9couvrez les box Trampoline Park Normandy Jump ! Faites plaisir \u00e0 vos proches et offrez leur un moment fun et sportif sur les trampolines !\",\"breadcrumb\":{\"@id\":\"https:\/\/www.normandy-jump.fr\/trampoline-park\/produit\/box-normandy-jump\/#breadcrumb\"},\"inLanguage\":\"fr-FR\",\"potentialAction\":[{\"@type\":\"ReadAction\",\"target\":[\"https:\/\/www.normandy-jump.fr\/trampoline-park\/produit\/box-normandy-jump\/\"]}]},{\"@type\":\"ImageObject\",\"inLanguage\":\"fr-FR\",\"@id\":\"https:\/\/www.normandy-jump.fr\/trampoline-park\/produit\/box-normandy-jump\/#primaryimage\",\"url\":\"https:\/\/www.normandy-jump.fr\/trampoline-park\/wp-content\/uploads\/2020\/11\/bonfond-1.png\",\"contentUrl\":\"https:\/\/www.normandy-jump.fr\/trampoline-park\/wp-content\/uploads\/2020\/11\/bonfond-1.png\",\"width\":2000,\"height\":2000,\"caption\":\"box cadeau, \u00e0 offrir normandy jump\"},{\"@type\":\"BreadcrumbList\",\"@id\":\"https:\/\/www.normandy-jump.fr\/trampoline-park\/produit\/box-normandy-jump\/#breadcrumb\",\"itemListElement\":[{\"@type\":\"ListItem\",\"position\":1,\"name\":\"Accueil\",\"item\":\"https:\/\/www.normandy-jump.fr\/trampoline-park\/\"},{\"@type\":\"ListItem\",\"position\":2,\"name\":\"Boutique\",\"item\":\"https:\/\/www.normandy-jump.fr\/trampoline-park\/boutique\/\"},{\"@type\":\"ListItem\",\"position\":3,\"name\":\"Box Normandy Jump\"}]},{\"@type\":\"WebSite\",\"@id\":\"https:\/\/www.normandy-jump.fr\/trampoline-park\/#website\",\"url\":\"https:\/\/www.normandy-jump.fr\/trampoline-park\/\",\"name\":\"Trampoline Park Le Havre | Normandy Jump\",\"description\":\"Que vos envies et vos id\u00e9es prennent de la hauteur\",\"publisher\":{\"@id\":\"https:\/\/www.normandy-jump.fr\/trampoline-park\/#organization\"},\"potentialAction\":[{\"@type\":\"SearchAction\",\"target\":{\"@type\":\"EntryPoint\",\"urlTemplate\":\"https:\/\/www.normandy-jump.fr\/trampoline-park\/?s={search_term_string}\"},\"query-input\":{\"@type\":\"PropertyValueSpecification\",\"valueRequired\":true,\"valueName\":\"search_term_string\"}}],\"inLanguage\":\"fr-FR\"},{\"@type\":\"Organization\",\"@id\":\"https:\/\/www.normandy-jump.fr\/trampoline-park\/#organization\",\"name\":\"Trampoline Park Le Havre | Normandy Jump\",\"url\":\"https:\/\/www.normandy-jump.fr\/trampoline-park\/\",\"logo\":{\"@type\":\"ImageObject\",\"inLanguage\":\"fr-FR\",\"@id\":\"https:\/\/www.normandy-jump.fr\/trampoline-park\/#\/schema\/logo\/image\/\",\"url\":\"https:\/\/www.normandy-jump.fr\/trampoline-park\/wp-content\/uploads\/2025\/05\/cropped-cropped-unnamed-3-2.png\",\"contentUrl\":\"https:\/\/www.normandy-jump.fr\/trampoline-park\/wp-content\/uploads\/2025\/05\/cropped-cropped-unnamed-3-2.png\",\"width\":512,\"height\":389,\"caption\":\"Trampoline Park  Le Havre | Normandy Jump\"},\"image\":{\"@id\":\"https:\/\/www.normandy-jump.fr\/trampoline-park\/#\/schema\/logo\/image\/\"}}]}<\/script>\n<!-- \/ Yoast SEO plugin. -->","yoast_head_json":{"title":"Box Normandy Jump - Trampoline Park Le Havre | Normandy Jump","description":"D\u00e9couvrez les box Trampoline Park Normandy Jump ! Faites plaisir \u00e0 vos proches et offrez leur un moment fun et sportif sur les trampolines !","robots":{"index":"index","follow":"follow","max-snippet":"max-snippet:-1","max-image-preview":"max-image-preview:large","max-video-preview":"max-video-preview:-1"},"canonical":"https:\/\/www.normandy-jump.fr\/trampoline-park\/produit\/box-normandy-jump\/","og_locale":"fr_FR","og_type":"article","og_title":"Box Normandy Jump - Trampoline Park Le Havre | Normandy Jump","og_description":"D\u00e9couvrez les box Trampoline Park Normandy Jump ! Faites plaisir \u00e0 vos proches et offrez leur un moment fun et sportif sur les trampolines !","og_url":"https:\/\/www.normandy-jump.fr\/trampoline-park\/produit\/box-normandy-jump\/","og_site_name":"Trampoline Park Le Havre | Normandy Jump","article_modified_time":"2020-11-21T15:00:40+00:00","og_image":[{"width":2000,"height":2000,"url":"https:\/\/www.normandy-jump.fr\/trampoline-park\/wp-content\/uploads\/2020\/11\/bonfond-1.png","type":"image\/png"}],"twitter_card":"summary_large_image","twitter_misc":{"Dur\u00e9e de lecture estim\u00e9e":"3 minutes"},"schema":{"@context":"https:\/\/schema.org","@graph":[{"@type":"WebPage","@id":"https:\/\/www.normandy-jump.fr\/trampoline-park\/produit\/box-normandy-jump\/","url":"https:\/\/www.normandy-jump.fr\/trampoline-park\/produit\/box-normandy-jump\/","name":"Box Normandy Jump - Trampoline Park Le Havre | Normandy Jump","isPartOf":{"@id":"https:\/\/www.normandy-jump.fr\/trampoline-park\/#website"},"primaryImageOfPage":{"@id":"https:\/\/www.normandy-jump.fr\/trampoline-park\/produit\/box-normandy-jump\/#primaryimage"},"image":{"@id":"https:\/\/www.normandy-jump.fr\/trampoline-park\/produit\/box-normandy-jump\/#primaryimage"},"thumbnailUrl":"https:\/\/www.normandy-jump.fr\/trampoline-park\/wp-content\/uploads\/2020\/11\/bonfond-1.png","datePublished":"2020-11-19T18:33:51+00:00","dateModified":"2020-11-21T15:00:40+00:00","description":"D\u00e9couvrez les box Trampoline Park Normandy Jump ! Faites plaisir \u00e0 vos proches et offrez leur un moment fun et sportif sur les trampolines !","breadcrumb":{"@id":"https:\/\/www.normandy-jump.fr\/trampoline-park\/produit\/box-normandy-jump\/#breadcrumb"},"inLanguage":"fr-FR","potentialAction":[{"@type":"ReadAction","target":["https:\/\/www.normandy-jump.fr\/trampoline-park\/produit\/box-normandy-jump\/"]}]},{"@type":"ImageObject","inLanguage":"fr-FR","@id":"https:\/\/www.normandy-jump.fr\/trampoline-park\/produit\/box-normandy-jump\/#primaryimage","url":"https:\/\/www.normandy-jump.fr\/trampoline-park\/wp-content\/uploads\/2020\/11\/bonfond-1.png","contentUrl":"https:\/\/www.normandy-jump.fr\/trampoline-park\/wp-content\/uploads\/2020\/11\/bonfond-1.png","width":2000,"height":2000,"caption":"box cadeau, \u00e0 offrir normandy jump"},{"@type":"BreadcrumbList","@id":"https:\/\/www.normandy-jump.fr\/trampoline-park\/produit\/box-normandy-jump\/#breadcrumb","itemListElement":[{"@type":"ListItem","position":1,"name":"Accueil","item":"https:\/\/www.normandy-jump.fr\/trampoline-park\/"},{"@type":"ListItem","position":2,"name":"Boutique","item":"https:\/\/www.normandy-jump.fr\/trampoline-park\/boutique\/"},{"@type":"ListItem","position":3,"name":"Box Normandy Jump"}]},{"@type":"WebSite","@id":"https:\/\/www.normandy-jump.fr\/trampoline-park\/#website","url":"https:\/\/www.normandy-jump.fr\/trampoline-park\/","name":"Trampoline Park Le Havre | Normandy Jump","description":"Que vos envies et vos id\u00e9es prennent de la hauteur","publisher":{"@id":"https:\/\/www.normandy-jump.fr\/trampoline-park\/#organization"},"potentialAction":[{"@type":"SearchAction","target":{"@type":"EntryPoint","urlTemplate":"https:\/\/www.normandy-jump.fr\/trampoline-park\/?s={search_term_string}"},"query-input":{"@type":"PropertyValueSpecification","valueRequired":true,"valueName":"search_term_string"}}],"inLanguage":"fr-FR"},{"@type":"Organization","@id":"https:\/\/www.normandy-jump.fr\/trampoline-park\/#organization","name":"Trampoline Park Le Havre | Normandy Jump","url":"https:\/\/www.normandy-jump.fr\/trampoline-park\/","logo":{"@type":"ImageObject","inLanguage":"fr-FR","@id":"https:\/\/www.normandy-jump.fr\/trampoline-park\/#\/schema\/logo\/image\/","url":"https:\/\/www.normandy-jump.fr\/trampoline-park\/wp-content\/uploads\/2025\/05\/cropped-cropped-unnamed-3-2.png","contentUrl":"https:\/\/www.normandy-jump.fr\/trampoline-park\/wp-content\/uploads\/2025\/05\/cropped-cropped-unnamed-3-2.png","width":512,"height":389,"caption":"Trampoline Park  Le Havre | Normandy Jump"},"image":{"@id":"https:\/\/www.normandy-jump.fr\/trampoline-park\/#\/schema\/logo\/image\/"}}]}},"jetpack_sharing_enabled":true,"_links":{"self":[{"href":"https:\/\/www.normandy-jump.fr\/trampoline-park\/wp-json\/wp\/v2\/product\/7316","targetHints":{"allow":["GET"]}}],"collection":[{"href":"https:\/\/www.normandy-jump.fr\/trampoline-park\/wp-json\/wp\/v2\/product"}],"about":[{"href":"https:\/\/www.normandy-jump.fr\/trampoline-park\/wp-json\/wp\/v2\/types\/product"}],"wp:featuredmedia":[{"embeddable":true,"href":"https:\/\/www.normandy-jump.fr\/trampoline-park\/wp-json\/wp\/v2\/media\/7374"}],"wp:attachment":[{"href":"https:\/\/www.normandy-jump.fr\/trampoline-park\/wp-json\/wp\/v2\/media?parent=7316"}],"wp:term":[{"taxonomy":"product_cat","embeddable":true,"href":"https:\/\/www.normandy-jump.fr\/trampoline-park\/wp-json\/wp\/v2\/product_cat?post=7316"},{"taxonomy":"product_tag","embeddable":true,"href":"https:\/\/www.normandy-jump.fr\/trampoline-park\/wp-json\/wp\/v2\/product_tag?post=7316"}],"curies":[{"name":"wp","href":"https:\/\/api.w.org\/{rel}","templated":true}]}}