{"id":9879,"date":"2022-03-10T13:27:03","date_gmt":"2022-03-10T12:27:03","guid":{"rendered":"https:\/\/www.normandy-jump.fr\/trampoline-park\/?page_id=9879"},"modified":"2026-01-04T12:53:44","modified_gmt":"2026-01-04T11:53:44","slug":"politique-de-confidentialite","status":"publish","type":"page","link":"https:\/\/www.normandy-jump.fr\/trampoline-park\/politique-de-confidentialite\/","title":{"rendered":"Politique de confidentialit\u00e9"},"content":{"rendered":"\t\t<div data-elementor-type=\"wp-page\" data-elementor-id=\"9879\" class=\"elementor elementor-9879\" data-elementor-post-type=\"page\">\n\t\t\t\t\t\t<section class=\"elementor-section elementor-top-section elementor-element elementor-element-7131c5f2 elementor-section-full_width elementor-section-height-default elementor-section-height-default\" data-id=\"7131c5f2\" data-element_type=\"section\" data-settings=\"{&quot;background_background&quot;:&quot;classic&quot;}\">\n\t\t\t\t\t\t\t<div class=\"elementor-background-overlay\"><\/div>\n\t\t\t\t\t\t\t<div class=\"elementor-container elementor-column-gap-no\">\n\t\t\t\t\t<div class=\"elementor-column elementor-col-100 elementor-top-column elementor-element elementor-element-7021ff0b\" data-id=\"7021ff0b\" data-element_type=\"column\">\n\t\t\t<div class=\"elementor-widget-wrap elementor-element-populated\">\n\t\t\t\t\t\t<div class=\"elementor-element elementor-element-3b2a6066 elementor--h-position-center elementor--v-position-middle elementor-widget elementor-widget-slides\" data-id=\"3b2a6066\" data-element_type=\"widget\" data-settings=\"{&quot;navigation&quot;:&quot;none&quot;,&quot;autoplay&quot;:&quot;yes&quot;,&quot;pause_on_hover&quot;:&quot;yes&quot;,&quot;pause_on_interaction&quot;:&quot;yes&quot;,&quot;autoplay_speed&quot;:5000,&quot;infinite&quot;:&quot;yes&quot;,&quot;transition&quot;:&quot;slide&quot;,&quot;transition_speed&quot;:500}\" data-widget_type=\"slides.default\">\n\t\t\t\t<div class=\"elementor-widget-container\">\n\t\t\t\t\t\t\t\t\t<div class=\"elementor-swiper\">\n\t\t\t\t\t<div class=\"elementor-slides-wrapper elementor-main-swiper swiper\" role=\"region\" aria-roledescription=\"carousel\" aria-label=\"Diapositives\" dir=\"ltr\" data-animation=\"fadeInUp\">\n\t\t\t\t<div class=\"swiper-wrapper elementor-slides\">\n\t\t\t\t\t\t\t\t\t\t<div class=\"elementor-repeater-item-7abb45b swiper-slide\" role=\"group\" aria-roledescription=\"slide\"><div class=\"swiper-slide-bg\" role=\"img\" aria-label=\"Tumbline-trampoline-park-caen-01.jpeg\"><\/div><div class=\"elementor-background-overlay\"><\/div><div class=\"swiper-slide-inner\" ><div class=\"swiper-slide-contents\"><div class=\"elementor-slide-heading\">politique de confidentialit\u00e9<\/div><\/div><\/div><\/div>\t\t\t\t<\/div>\n\t\t\t\t\t\t\t<\/div>\n\t\t\t\t<\/div>\n\t\t\t\t\t\t\t\t<\/div>\n\t\t\t\t<\/div>\n\t\t\t\t\t<\/div>\n\t\t<\/div>\n\t\t\t\t\t<\/div>\n\t\t<\/section>\n\t\t\t\t<section class=\"elementor-section elementor-top-section elementor-element elementor-element-3abaa011 elementor-section-boxed elementor-section-height-default elementor-section-height-default\" data-id=\"3abaa011\" data-element_type=\"section\" data-settings=\"{&quot;background_background&quot;:&quot;classic&quot;}\">\n\t\t\t\t\t\t<div class=\"elementor-container elementor-column-gap-default\">\n\t\t\t\t\t<div class=\"elementor-column elementor-col-100 elementor-top-column elementor-element elementor-element-2b317d41\" data-id=\"2b317d41\" data-element_type=\"column\">\n\t\t\t<div class=\"elementor-widget-wrap elementor-element-populated\">\n\t\t\t\t\t\t<section class=\"elementor-section elementor-inner-section elementor-element elementor-element-14779ffd elementor-section-boxed elementor-section-height-default elementor-section-height-default\" data-id=\"14779ffd\" data-element_type=\"section\">\n\t\t\t\t\t\t<div class=\"elementor-container elementor-column-gap-default\">\n\t\t\t\t\t<div class=\"elementor-column elementor-col-100 elementor-inner-column elementor-element elementor-element-1a462155\" data-id=\"1a462155\" data-element_type=\"column\">\n\t\t\t<div class=\"elementor-widget-wrap elementor-element-populated\">\n\t\t\t\t\t\t<div class=\"elementor-element elementor-element-2e6b27f3 elementor-widget elementor-widget-text-editor\" data-id=\"2e6b27f3\" data-element_type=\"widget\" data-widget_type=\"text-editor.default\">\n\t\t\t\t<div class=\"elementor-widget-container\">\n\t\t\t\t\t\t\t\t\t<h1 class=\"page__header fusion-responsive-typography-calculated\" data-fontsize=\"68\" data-lineheight=\"71.4px\">Objet du traitement<\/h1><div class=\"page__body text-block\"><p>La SARL Normandy Jump, dont le si\u00e8ge est situ\u00e9 \u00e0 Gonfreville l&rsquo;Orcher (76700), Rue de la ferme dambuc, dispose d\u2019un site internet de r\u00e9servation de session de trampoline park (loisir indoor). Ce site permet de collecter via un formulaire les donn\u00e9es personnelles et \u00e0 cette occasion sont stock\u00e9es dans un fichier clients sans \u00eatre utilis\u00e9es sauf pour v\u00e9rifier l\u2019identit\u00e9 de l\u2019acheteur lors de la session.<\/p><h2 id=\"cat\u00e9gories-de-donn\u00e9es\" class=\"fusion-responsive-typography-calculated\" data-fontsize=\"44\" data-lineheight=\"46.2px\">Cat\u00e9gories de donn\u00e9es<\/h2><ul><li>Identit\u00e9 : nom, pr\u00e9nom, num\u00e9ro de t\u00e9l\u00e9phone, adresse \u00e9lectronique, adresse postale.<\/li><li>Donn\u00e9es n\u00e9cessaires \u00e0 la r\u00e9alisation des actions de r\u00e9servation.<\/li><\/ul><h2 id=\"destinataires-des-donn\u00e9es\" class=\"fusion-responsive-typography-calculated\" data-fontsize=\"44\" data-lineheight=\"46.2px\">Destinataires des donn\u00e9es<\/h2><ul><li>Les services clients de la SARL Normandy jump sont destinataires de l\u2019ensemble des cat\u00e9gories de donn\u00e9es.<\/li><\/ul><h2 id=\"dur\u00e9e-de-conservation-des-donn\u00e9es\" class=\"fusion-responsive-typography-calculated\" data-fontsize=\"44\" data-lineheight=\"46.2px\">Dur\u00e9e de conservation des donn\u00e9es<\/h2><ul><li>Donn\u00e9es n\u00e9cessaires \u00e0 la r\u00e9alisation des actions de r\u00e9servation : pendant toute la dur\u00e9e de la relation commerciale et trois (3) ans \u00e0 compter de la validation du formulaire de contact.<\/li><li>Donn\u00e9es concernant les listes d\u2019opposition \u00e0 recevoir de la prospection : trois (3) ans.<\/li><\/ul><h2 id=\"vos-droits\" class=\"fusion-responsive-typography-calculated\" data-fontsize=\"44\" data-lineheight=\"46.2px\">Vos droits<\/h2><p>Si vous ne souhaitez plus que vos donn\u00e9es personnelles soient stock\u00e9es dans les fichiers de la SARL Normandy Jump (exercice du droit d\u2019opposition ou retrait d\u2019un consentement d\u00e9j\u00e0 donn\u00e9), contactez nous par mail ou t\u00e9l\u00e9phone : contact@normandy-jump.fr ou 02 35 20 07 70.<\/p><p>Vous pouvez acc\u00e9der aux donn\u00e9es vous concernant, les rectifier ou les faire effacer. Vous disposez \u00e9galement d\u2019un droit \u00e0 la portabilit\u00e9 et d\u2019un droit \u00e0 la limitation du traitement de vos donn\u00e9es (Consultez le site\u00a0cnil.fr pour plus d\u2019informations sur vos droits).<\/p><p>Pour exercer ces droits ou pour toute question sur le traitement de vos donn\u00e9es dans ce dispositif, vous pouvez nous contactez par mail ou t\u00e9l\u00e9phone : contact@normandy-jump.fr ou 02 35 20 07 70.<\/p><p>SARL NORMANDY JUMP<\/p><p>Rue de la Ferme Dambuc,<\/p><p>76700 Gonfreville l&rsquo;Orcher<\/p><p class=\"p1\">N\u00b0 SIREN : 801769258<\/p><p>Si vous estimez, apr\u00e8s avoir contact\u00e9 la SARL Normandy Jump, que vos droits \u00ab Informatique et Libert\u00e9s \u00bb ne sont pas respect\u00e9s, vous pouvez adresser une r\u00e9clamation en ligne \u00e0 la CNIL.<\/p><h2 class=\"fusion-responsive-typography-calculated\" data-fontsize=\"44\" data-lineheight=\"46.2px\">S\u00e9curit\u00e9 et r\u00e8gles<\/h2><p>\u2022 Sauter sur des trampolines est un sport comme un autre qui suppose de\u00a0respecter quelques r\u00e8gles\u00a0afin de profiter en toute s\u00e9curit\u00e9. Les risques de blessures sur les trampolines sont fr\u00e9quents, il est donc de votre ressort d\u2019\u00eatre vigilant \u00e0 l\u2019environnement. autour de vous, et de suivre les consignes \u00e0 la lettre afin de limiter au maximum ces risques de blessures.<\/p><p>\u2022 Tu devras donc lire ces r\u00e8gles et consignes de s\u00e9curit\u00e9, regarder attentivement la vid\u00e9o d\u2019instructions que l\u2019\u00e9quipe Normandy Jump te montrera avant ta session, et effectuer l\u2019\u00e9chauffement afin de ne pas monter dans la structure \u00e0 froid.<\/p><p>Quant \u00e0 nous, notre r\u00f4le sera donc de te\u00a0pr\u00e9senter la vid\u00e9o d\u2019instructions\u00a0et veiller \u00e0 ta bonne compr\u00e9hension ainsi qu\u2019\u00e0 ton\u00a0\u00e9chauffement.<\/p><h2 class=\"fusion-responsive-typography-calculated\" data-fontsize=\"44\" data-lineheight=\"46.2px\">R\u00e8gles et consignes \u00e0 respecter<\/h2><p>Afin de s\u2019assurer que tu puisses t\u2019amuser tout en minimisant les risques de blessures, nous t\u2019avons lister les diff\u00e9rentes r\u00e8gles et consignes \u00e0 respecter.<\/p><p>Il faut savoir que, dans notre structure,\u00a0tu as acc\u00e8s librement aux diff\u00e9rents agr\u00e8s\u00a0que nous te mettons \u00e0 disposition. Afin de\u00a0garantir ta s\u00e9curit\u00e9, il faut donc que tu respectes les r\u00e8gles ci-dessous :<\/p><p>\u2022\u00a0\u00catre bienveillant et attentif\u00a0vis-\u00e0-vis des autres personnes pr\u00e9sentes dans la structure<br \/>\u2022\u00a0Ne pas\u00a0courir\u00a0sur les trampolines<br \/>\u2022\u00a0Ne pas se\u00a0bousculer\u00a0ni se pousser dans les bacs \u00e0 mousses<br \/>\u2022\u00a0Ne pas\u00a0sauter \u00e0 plusieurs\u00a0sur une m\u00eame toile : une personne \u00e0 la fois<br \/>\u2022\u00a0Lors de l\u2019atterrissage, veiller \u00e0\u00a0atterrir sur les deux pieds\u00a0et ne pas poser les mains sur la toile. En cas de chute, atterrir sur les dos, les bras crois\u00e9s et la t\u00eate rentr\u00e9e vers la poitrine. Tout cela \u00e9vitera les blessures au niveau des poign\u00e9es, des chevilles, du cou et du dos<br \/>\u2022\u00a0Atterrir au\u00a0milieu des toiles\u00a0et non sur les bords<br \/>\u2022\u00a0Ne pas\u00a0s\u2019allonger sur les toiles\u00a0: en cas de fatigue, sortir des zones de sauts et se reposer \u00e0 l\u2019ext\u00e9rieur avant de recommencer<br \/>\u2022\u00a0Ne pas\u00a0s\u2019adosser contre les filets, cela ab\u00eeme les \u00e9lastiques<br \/>\u2022\u00a0Lors d\u2019une figure acrobatique, veiller \u00e0 ce qu\u2019il y ait suffisamment la place afin de ne blesser personne<br \/>\u2022 Il est interdit de sauter sur les trampolines sous l\u2019emprise d\u2019alcool ou de drogues<\/p><p>Ces r\u00e8gles et consignes de s\u00e9curit\u00e9 sont \u00e0 respecter afin que ta session se d\u00e9roule de la meilleure des fa\u00e7ons. Elles seront compl\u00e9t\u00e9s par des r\u00e8gles plus sp\u00e9cifiques \u00e0 chaque agr\u00e9e pr\u00e9sent dans la structure, lors de la vid\u00e9o d\u2019instructions.<\/p><p>L\u2019\u00e9quipe de Normandy Jump te souhaite un agr\u00e9able moment dans son Trampoline Park.<\/p><\/div>\t\t\t\t\t\t\t\t<\/div>\n\t\t\t\t<\/div>\n\t\t\t\t\t<\/div>\n\t\t<\/div>\n\t\t\t\t\t<\/div>\n\t\t<\/section>\n\t\t\t\t\t<\/div>\n\t\t<\/div>\n\t\t\t\t\t<\/div>\n\t\t<\/section>\n\t\t\t\t<\/div>\n\t\t","protected":false},"excerpt":{"rendered":"<p>politique de confidentialit\u00e9 Objet du traitement La SARL Normandy Jump, dont le si\u00e8ge est situ\u00e9 \u00e0 Gonfreville l&rsquo;Orcher (76700), Rue de la ferme dambuc, dispose d\u2019un site internet de r\u00e9servation de session de trampoline park (loisir indoor). Ce site permet de collecter via un formulaire les donn\u00e9es personnelles et \u00e0 cette occasion sont stock\u00e9es dans [&hellip;]<\/p>\n","protected":false},"author":3439,"featured_media":0,"parent":0,"menu_order":0,"comment_status":"closed","ping_status":"closed","template":"elementor_header_footer","meta":{"_exactmetrics_skip_tracking":false,"_exactmetrics_sitenote_active":false,"_exactmetrics_sitenote_note":"","_exactmetrics_sitenote_category":0,"footnotes":""},"class_list":["post-9879","page","type-page","status-publish","hentry"],"yoast_head":"<!-- This site is optimized with the Yoast SEO plugin v26.6 - https:\/\/yoast.com\/wordpress\/plugins\/seo\/ -->\n<title>Politique de confidentialit\u00e9 - Trampoline Park Le Havre | Normandy Jump<\/title>\n<meta name=\"robots\" content=\"index, follow, max-snippet:-1, max-image-preview:large, max-video-preview:-1\" \/>\n<link rel=\"canonical\" href=\"https:\/\/www.normandy-jump.fr\/trampoline-park\/politique-de-confidentialite\/\" \/>\n<meta property=\"og:locale\" content=\"fr_FR\" \/>\n<meta property=\"og:type\" content=\"article\" \/>\n<meta property=\"og:title\" content=\"Politique de confidentialit\u00e9 - Trampoline Park Le Havre | Normandy Jump\" \/>\n<meta property=\"og:description\" content=\"politique de confidentialit\u00e9 Objet du traitement La SARL Normandy Jump, dont le si\u00e8ge est situ\u00e9 \u00e0 Gonfreville l&rsquo;Orcher (76700), Rue de la ferme dambuc, dispose d\u2019un site internet de r\u00e9servation de session de trampoline park (loisir indoor). Ce site permet de collecter via un formulaire les donn\u00e9es personnelles et \u00e0 cette occasion sont stock\u00e9es dans [&hellip;]\" \/>\n<meta property=\"og:url\" content=\"https:\/\/www.normandy-jump.fr\/trampoline-park\/politique-de-confidentialite\/\" \/>\n<meta property=\"og:site_name\" content=\"Trampoline Park Le Havre | Normandy Jump\" \/>\n<meta property=\"article:modified_time\" content=\"2026-01-04T11:53:44+00:00\" \/>\n<meta name=\"twitter:card\" content=\"summary_large_image\" \/>\n<meta name=\"twitter:label1\" content=\"Dur\u00e9e de lecture estim\u00e9e\" \/>\n\t<meta name=\"twitter:data1\" content=\"4 minutes\" \/>\n<script type=\"application\/ld+json\" class=\"yoast-schema-graph\">{\"@context\":\"https:\/\/schema.org\",\"@graph\":[{\"@type\":\"WebPage\",\"@id\":\"https:\/\/www.normandy-jump.fr\/trampoline-park\/politique-de-confidentialite\/\",\"url\":\"https:\/\/www.normandy-jump.fr\/trampoline-park\/politique-de-confidentialite\/\",\"name\":\"Politique de confidentialit\u00e9 - Trampoline Park Le Havre | Normandy Jump\",\"isPartOf\":{\"@id\":\"https:\/\/www.normandy-jump.fr\/trampoline-park\/#website\"},\"datePublished\":\"2022-03-10T12:27:03+00:00\",\"dateModified\":\"2026-01-04T11:53:44+00:00\",\"breadcrumb\":{\"@id\":\"https:\/\/www.normandy-jump.fr\/trampoline-park\/politique-de-confidentialite\/#breadcrumb\"},\"inLanguage\":\"fr-FR\",\"potentialAction\":[{\"@type\":\"ReadAction\",\"target\":[\"https:\/\/www.normandy-jump.fr\/trampoline-park\/politique-de-confidentialite\/\"]}]},{\"@type\":\"BreadcrumbList\",\"@id\":\"https:\/\/www.normandy-jump.fr\/trampoline-park\/politique-de-confidentialite\/#breadcrumb\",\"itemListElement\":[{\"@type\":\"ListItem\",\"position\":1,\"name\":\"Accueil\",\"item\":\"https:\/\/www.normandy-jump.fr\/trampoline-park\/\"},{\"@type\":\"ListItem\",\"position\":2,\"name\":\"Politique de confidentialit\u00e9\"}]},{\"@type\":\"WebSite\",\"@id\":\"https:\/\/www.normandy-jump.fr\/trampoline-park\/#website\",\"url\":\"https:\/\/www.normandy-jump.fr\/trampoline-park\/\",\"name\":\"Trampoline Park Le Havre | Normandy Jump\",\"description\":\"Que vos envies et vos id\u00e9es prennent de la hauteur\",\"publisher\":{\"@id\":\"https:\/\/www.normandy-jump.fr\/trampoline-park\/#organization\"},\"potentialAction\":[{\"@type\":\"SearchAction\",\"target\":{\"@type\":\"EntryPoint\",\"urlTemplate\":\"https:\/\/www.normandy-jump.fr\/trampoline-park\/?s={search_term_string}\"},\"query-input\":{\"@type\":\"PropertyValueSpecification\",\"valueRequired\":true,\"valueName\":\"search_term_string\"}}],\"inLanguage\":\"fr-FR\"},{\"@type\":\"Organization\",\"@id\":\"https:\/\/www.normandy-jump.fr\/trampoline-park\/#organization\",\"name\":\"Trampoline Park Le Havre | Normandy Jump\",\"url\":\"https:\/\/www.normandy-jump.fr\/trampoline-park\/\",\"logo\":{\"@type\":\"ImageObject\",\"inLanguage\":\"fr-FR\",\"@id\":\"https:\/\/www.normandy-jump.fr\/trampoline-park\/#\/schema\/logo\/image\/\",\"url\":\"https:\/\/www.normandy-jump.fr\/trampoline-park\/wp-content\/uploads\/2025\/05\/cropped-cropped-unnamed-3-2.png\",\"contentUrl\":\"https:\/\/www.normandy-jump.fr\/trampoline-park\/wp-content\/uploads\/2025\/05\/cropped-cropped-unnamed-3-2.png\",\"width\":512,\"height\":389,\"caption\":\"Trampoline Park  Le Havre | Normandy Jump\"},\"image\":{\"@id\":\"https:\/\/www.normandy-jump.fr\/trampoline-park\/#\/schema\/logo\/image\/\"}}]}<\/script>\n<!-- \/ Yoast SEO plugin. -->","yoast_head_json":{"title":"Politique de confidentialit\u00e9 - Trampoline Park Le Havre | Normandy Jump","robots":{"index":"index","follow":"follow","max-snippet":"max-snippet:-1","max-image-preview":"max-image-preview:large","max-video-preview":"max-video-preview:-1"},"canonical":"https:\/\/www.normandy-jump.fr\/trampoline-park\/politique-de-confidentialite\/","og_locale":"fr_FR","og_type":"article","og_title":"Politique de confidentialit\u00e9 - Trampoline Park Le Havre | Normandy Jump","og_description":"politique de confidentialit\u00e9 Objet du traitement La SARL Normandy Jump, dont le si\u00e8ge est situ\u00e9 \u00e0 Gonfreville l&rsquo;Orcher (76700), Rue de la ferme dambuc, dispose d\u2019un site internet de r\u00e9servation de session de trampoline park (loisir indoor). Ce site permet de collecter via un formulaire les donn\u00e9es personnelles et \u00e0 cette occasion sont stock\u00e9es dans [&hellip;]","og_url":"https:\/\/www.normandy-jump.fr\/trampoline-park\/politique-de-confidentialite\/","og_site_name":"Trampoline Park Le Havre | Normandy Jump","article_modified_time":"2026-01-04T11:53:44+00:00","twitter_card":"summary_large_image","twitter_misc":{"Dur\u00e9e de lecture estim\u00e9e":"4 minutes"},"schema":{"@context":"https:\/\/schema.org","@graph":[{"@type":"WebPage","@id":"https:\/\/www.normandy-jump.fr\/trampoline-park\/politique-de-confidentialite\/","url":"https:\/\/www.normandy-jump.fr\/trampoline-park\/politique-de-confidentialite\/","name":"Politique de confidentialit\u00e9 - Trampoline Park Le Havre | Normandy Jump","isPartOf":{"@id":"https:\/\/www.normandy-jump.fr\/trampoline-park\/#website"},"datePublished":"2022-03-10T12:27:03+00:00","dateModified":"2026-01-04T11:53:44+00:00","breadcrumb":{"@id":"https:\/\/www.normandy-jump.fr\/trampoline-park\/politique-de-confidentialite\/#breadcrumb"},"inLanguage":"fr-FR","potentialAction":[{"@type":"ReadAction","target":["https:\/\/www.normandy-jump.fr\/trampoline-park\/politique-de-confidentialite\/"]}]},{"@type":"BreadcrumbList","@id":"https:\/\/www.normandy-jump.fr\/trampoline-park\/politique-de-confidentialite\/#breadcrumb","itemListElement":[{"@type":"ListItem","position":1,"name":"Accueil","item":"https:\/\/www.normandy-jump.fr\/trampoline-park\/"},{"@type":"ListItem","position":2,"name":"Politique de confidentialit\u00e9"}]},{"@type":"WebSite","@id":"https:\/\/www.normandy-jump.fr\/trampoline-park\/#website","url":"https:\/\/www.normandy-jump.fr\/trampoline-park\/","name":"Trampoline Park Le Havre | Normandy Jump","description":"Que vos envies et vos id\u00e9es prennent de la hauteur","publisher":{"@id":"https:\/\/www.normandy-jump.fr\/trampoline-park\/#organization"},"potentialAction":[{"@type":"SearchAction","target":{"@type":"EntryPoint","urlTemplate":"https:\/\/www.normandy-jump.fr\/trampoline-park\/?s={search_term_string}"},"query-input":{"@type":"PropertyValueSpecification","valueRequired":true,"valueName":"search_term_string"}}],"inLanguage":"fr-FR"},{"@type":"Organization","@id":"https:\/\/www.normandy-jump.fr\/trampoline-park\/#organization","name":"Trampoline Park Le Havre | Normandy Jump","url":"https:\/\/www.normandy-jump.fr\/trampoline-park\/","logo":{"@type":"ImageObject","inLanguage":"fr-FR","@id":"https:\/\/www.normandy-jump.fr\/trampoline-park\/#\/schema\/logo\/image\/","url":"https:\/\/www.normandy-jump.fr\/trampoline-park\/wp-content\/uploads\/2025\/05\/cropped-cropped-unnamed-3-2.png","contentUrl":"https:\/\/www.normandy-jump.fr\/trampoline-park\/wp-content\/uploads\/2025\/05\/cropped-cropped-unnamed-3-2.png","width":512,"height":389,"caption":"Trampoline Park  Le Havre | Normandy Jump"},"image":{"@id":"https:\/\/www.normandy-jump.fr\/trampoline-park\/#\/schema\/logo\/image\/"}}]}},"jetpack_sharing_enabled":true,"_links":{"self":[{"href":"https:\/\/www.normandy-jump.fr\/trampoline-park\/wp-json\/wp\/v2\/pages\/9879","targetHints":{"allow":["GET"]}}],"collection":[{"href":"https:\/\/www.normandy-jump.fr\/trampoline-park\/wp-json\/wp\/v2\/pages"}],"about":[{"href":"https:\/\/www.normandy-jump.fr\/trampoline-park\/wp-json\/wp\/v2\/types\/page"}],"author":[{"embeddable":true,"href":"https:\/\/www.normandy-jump.fr\/trampoline-park\/wp-json\/wp\/v2\/users\/3439"}],"replies":[{"embeddable":true,"href":"https:\/\/www.normandy-jump.fr\/trampoline-park\/wp-json\/wp\/v2\/comments?post=9879"}],"version-history":[{"count":8,"href":"https:\/\/www.normandy-jump.fr\/trampoline-park\/wp-json\/wp\/v2\/pages\/9879\/revisions"}],"predecessor-version":[{"id":19855,"href":"https:\/\/www.normandy-jump.fr\/trampoline-park\/wp-json\/wp\/v2\/pages\/9879\/revisions\/19855"}],"wp:attachment":[{"href":"https:\/\/www.normandy-jump.fr\/trampoline-park\/wp-json\/wp\/v2\/media?parent=9879"}],"curies":[{"name":"wp","href":"https:\/\/api.w.org\/{rel}","templated":true}]}}