{"id":9865,"date":"2022-03-10T13:21:59","date_gmt":"2022-03-10T12:21:59","guid":{"rendered":"https:\/\/www.normandy-jump.fr\/trampoline-park\/?page_id=9865"},"modified":"2024-04-10T19:03:31","modified_gmt":"2024-04-10T17:03:31","slug":"mentions-legales","status":"publish","type":"page","link":"https:\/\/www.normandy-jump.fr\/trampoline-park\/mentions-legales\/","title":{"rendered":"Mentions L\u00e9gales"},"content":{"rendered":"\t\t<div data-elementor-type=\"wp-page\" data-elementor-id=\"9865\" class=\"elementor elementor-9865\" data-elementor-post-type=\"page\">\n\t\t\t\t\t\t<section class=\"elementor-section elementor-top-section elementor-element elementor-element-5aba763d elementor-section-full_width elementor-section-height-default elementor-section-height-default\" data-id=\"5aba763d\" data-element_type=\"section\" data-settings=\"{&quot;background_background&quot;:&quot;classic&quot;}\">\n\t\t\t\t\t\t\t<div class=\"elementor-background-overlay\"><\/div>\n\t\t\t\t\t\t\t<div class=\"elementor-container elementor-column-gap-no\">\n\t\t\t\t\t<div class=\"elementor-column elementor-col-100 elementor-top-column elementor-element elementor-element-19838db3\" data-id=\"19838db3\" data-element_type=\"column\">\n\t\t\t<div class=\"elementor-widget-wrap elementor-element-populated\">\n\t\t\t\t\t\t<div class=\"elementor-element elementor-element-4982b2b3 elementor--h-position-center elementor--v-position-middle elementor-widget elementor-widget-slides\" data-id=\"4982b2b3\" data-element_type=\"widget\" data-settings=\"{&quot;navigation&quot;:&quot;none&quot;,&quot;autoplay&quot;:&quot;yes&quot;,&quot;pause_on_hover&quot;:&quot;yes&quot;,&quot;pause_on_interaction&quot;:&quot;yes&quot;,&quot;autoplay_speed&quot;:5000,&quot;infinite&quot;:&quot;yes&quot;,&quot;transition&quot;:&quot;slide&quot;,&quot;transition_speed&quot;:500}\" data-widget_type=\"slides.default\">\n\t\t\t\t<div class=\"elementor-widget-container\">\n\t\t\t\t\t\t\t\t\t<div class=\"elementor-swiper\">\n\t\t\t\t\t<div class=\"elementor-slides-wrapper elementor-main-swiper swiper\" role=\"region\" aria-roledescription=\"carousel\" aria-label=\"Diapositives\" dir=\"ltr\" data-animation=\"fadeInUp\">\n\t\t\t\t<div class=\"swiper-wrapper elementor-slides\">\n\t\t\t\t\t\t\t\t\t\t<div class=\"elementor-repeater-item-7abb45b swiper-slide\" role=\"group\" aria-roledescription=\"slide\"><div class=\"swiper-slide-bg\" role=\"img\" aria-label=\"Terrain-multi-sport-trampoline-park-caen.jpg\"><\/div><div class=\"elementor-background-overlay\"><\/div><div class=\"swiper-slide-inner\" ><div class=\"swiper-slide-contents\"><div class=\"elementor-slide-heading\">Mentions L\u00e9gales<\/div><\/div><\/div><\/div>\t\t\t\t<\/div>\n\t\t\t\t\t\t\t<\/div>\n\t\t\t\t<\/div>\n\t\t\t\t\t\t\t\t<\/div>\n\t\t\t\t<\/div>\n\t\t\t\t\t<\/div>\n\t\t<\/div>\n\t\t\t\t\t<\/div>\n\t\t<\/section>\n\t\t\t\t<section class=\"elementor-section elementor-top-section elementor-element elementor-element-6b9aae07 elementor-section-boxed elementor-section-height-default elementor-section-height-default\" data-id=\"6b9aae07\" data-element_type=\"section\" data-settings=\"{&quot;background_background&quot;:&quot;classic&quot;}\">\n\t\t\t\t\t\t<div class=\"elementor-container elementor-column-gap-default\">\n\t\t\t\t\t<div class=\"elementor-column elementor-col-100 elementor-top-column elementor-element elementor-element-103f75cb\" data-id=\"103f75cb\" data-element_type=\"column\">\n\t\t\t<div class=\"elementor-widget-wrap elementor-element-populated\">\n\t\t\t\t\t\t<section class=\"elementor-section elementor-inner-section elementor-element elementor-element-4c0d666f elementor-section-boxed elementor-section-height-default elementor-section-height-default\" data-id=\"4c0d666f\" data-element_type=\"section\">\n\t\t\t\t\t\t<div class=\"elementor-container elementor-column-gap-default\">\n\t\t\t\t\t<div class=\"elementor-column elementor-col-100 elementor-inner-column elementor-element elementor-element-1ab0fa8\" data-id=\"1ab0fa8\" data-element_type=\"column\">\n\t\t\t<div class=\"elementor-widget-wrap elementor-element-populated\">\n\t\t\t\t\t\t<div class=\"elementor-element elementor-element-7301504f elementor-widget elementor-widget-text-editor\" data-id=\"7301504f\" data-element_type=\"widget\" data-widget_type=\"text-editor.default\">\n\t\t\t\t<div class=\"elementor-widget-container\">\n\t\t\t\t\t\t\t\t\t<h1 class=\"page__header fusion-responsive-typography-calculated\" data-fontsize=\"68\" data-lineheight=\"71.4px\">Identit\u00e9<\/h1><div class=\"page__body text-block\"><p>Nom du site web : Normandy Jump<\/p><p>Adresse : www.normandy-jump.fr<\/p><p>Propri\u00e9taire : Thomas BROUT<\/p><p>Responsable de publication : Thomas BROUT<\/p><p>Conception et r\u00e9alisation : Thomas BROUT<\/p><p>Animation : Thomas BROUT<\/p><p>H\u00e9bergement : PlanetHoster<\/p><h2 id=\"personne-morale\" class=\"fusion-responsive-typography-calculated\" data-fontsize=\"44\" data-lineheight=\"46.2px\">Personne morale<\/h2><p class=\"p1\">SARL TRAMPOLINE PARK NORMANDY JUMP<\/p><p class=\"p2\">SARL au capital de 12\u00a0720,00 \u20ac<\/p><p class=\"p2\">Si\u00e8ge social situ\u00e9 15 AV DE LA VOIE AU COQ 14760 BRETTEVILLE-SUR-ODON<\/p><p class=\"p2\">n\u00b0 Siren 801769258<\/p><p class=\"p2\">T\u00e9l\u00e9phone : 02 35 20 07 70<\/p><p class=\"p2\">N\u00b0TVA FRFR47801769258<\/p><p class=\"p2\">RCS : Caen B 801\u00a0769\u00a0258<\/p><h2 id=\"conditions-dutilisation\" class=\"fusion-responsive-typography-calculated\" data-fontsize=\"44\" data-lineheight=\"46.2px\">Conditions d\u2019utilisation<\/h2><p>L\u2019utilisation du pr\u00e9sent site implique l\u2019acceptation pleine et enti\u00e8re des conditions g\u00e9n\u00e9rales d\u2019utilisation d\u00e9crites ci-apr\u00e8s. Ces conditions d\u2019utilisation sont susceptibles d\u2019\u00eatre modifi\u00e9es ou compl\u00e9t\u00e9es \u00e0 tout moment.<\/p><h2 id=\"informations\" class=\"fusion-responsive-typography-calculated\" data-fontsize=\"44\" data-lineheight=\"46.2px\">Informations<\/h2><p>Les informations et documents du site sont pr\u00e9sent\u00e9s \u00e0 titre indicatif, n\u2019ont pas de caract\u00e8re exhaustif, et ne peuvent engager la responsabilit\u00e9 du propri\u00e9taire du site.<\/p><p>Le propri\u00e9taire du site ne peut \u00eatre tenu responsable des dommages directs et indirects cons\u00e9cutifs \u00e0 l\u2019acc\u00e8s au site.<\/p><h2 id=\"interactivit\u00e9\" class=\"fusion-responsive-typography-calculated\" data-fontsize=\"44\" data-lineheight=\"46.2px\">Interactivit\u00e9<\/h2><p>Les utilisateurs du site peuvent y d\u00e9poser du contenu, apparaissant sur le site dans des espaces d\u00e9di\u00e9s (notamment via les commentaires). Le contenu d\u00e9pos\u00e9 reste sous la responsabilit\u00e9 de leurs auteurs, qui en assument pleinement l\u2019enti\u00e8re responsabilit\u00e9 juridique.<\/p><p>Le propri\u00e9taire du site se r\u00e9serve n\u00e9anmoins le droit de retirer sans pr\u00e9avis et sans justification tout contenu d\u00e9pos\u00e9 par les utilisateurs qui ne satisferait pas \u00e0 la charte d\u00e9ontologique du site ou \u00e0 la l\u00e9gislation en vigueur.<\/p><h2 id=\"propri\u00e9t\u00e9-intellectuelle\" class=\"fusion-responsive-typography-calculated\" data-fontsize=\"44\" data-lineheight=\"46.2px\">Propri\u00e9t\u00e9 intellectuelle<\/h2><p>Sauf mention contraire, tous les \u00e9l\u00e9ments accessibles sur le site (textes, images, graphismes, logo, ic\u00f4nes, sons, logiciels, etc.) restent la propri\u00e9t\u00e9 exclusive de leurs auteurs, en ce qui concerne les droits de propri\u00e9t\u00e9 intellectuelle ou les droits d\u2019usage.<\/p><p>Toute reproduction, repr\u00e9sentation, modification, publication, adaptation de tout ou partie des \u00e9l\u00e9ments du site, quel que soit le moyen ou le proc\u00e9d\u00e9 utilis\u00e9, est interdite, sauf autorisation \u00e9crite pr\u00e9alable de l\u2019auteur.<\/p><p>Toute exploitation non autoris\u00e9e du site ou de l\u2019un quelconque des \u00e9l\u00e9ments qu\u2019il contient est consid\u00e9r\u00e9e comme constitutive d\u2019une contrefa\u00e7on et poursuivie.<\/p><p>Les marques et logos reproduits sur le site sont d\u00e9pos\u00e9s par les soci\u00e9t\u00e9s qui en sont propri\u00e9taires.<\/p><h2 id=\"liens\" class=\"fusion-responsive-typography-calculated\" data-fontsize=\"44\" data-lineheight=\"46.2px\">Liens<\/h2><p><strong>Liens sortants<\/strong>\u00a0Le propri\u00e9taire du site d\u00e9cline toute responsabilit\u00e9 et n\u2019est pas engag\u00e9 par le r\u00e9f\u00e9rencement via des liens hypertextes, de ressources tierces pr\u00e9sentes sur le r\u00e9seau Internet, tant en ce qui concerne leur contenu que leur pertinence.<\/p><p><strong>Liens entrants<\/strong>\u00a0Le propri\u00e9taire du site autorise les liens hypertextes vers l\u2019une des pages de ce site, \u00e0 condition que ceux-ci ouvrent une nouvelle fen\u00eatre et soient pr\u00e9sent\u00e9s de mani\u00e8re non \u00e9quivoque afin d\u2019\u00e9viter :<\/p><ul><li>tout risque de confusion entre le site citant et le propri\u00e9taire du site<\/li><li>ainsi que toute pr\u00e9sentation tendancieuse ou contraire aux lois en vigueur.<\/li><\/ul><p>Le propri\u00e9taire du site se r\u00e9serve le droit de demander la suppression d\u2019un lien s\u2019il estime que le site source ne respecte pas les r\u00e8gles ainsi d\u00e9finies.<\/p><h2 id=\"confidentialit\u00e9\" class=\"fusion-responsive-typography-calculated\" data-fontsize=\"44\" data-lineheight=\"46.2px\">Confidentialit\u00e9<\/h2><p>Tout utilisateur dispose d\u2019un droit d\u2019acc\u00e8s, de rectification et d\u2019opposition aux donn\u00e9es personnelles le concernant, en effectuant sa demande \u00e9crite et sign\u00e9e, accompagn\u00e9e d\u2019une preuve d\u2019identit\u00e9.<\/p><p>Pour connaitre la politique de confidentialit\u00e9, veuillez vous r\u00e9f\u00e9rer \u00e0 cette\u00a0<a href=\"https:\/\/www.normandy-jump.fr\/trampoline-park\/politique-de-confidentialite\/\">page<\/a>.<\/p><\/div>\t\t\t\t\t\t\t\t<\/div>\n\t\t\t\t<\/div>\n\t\t\t\t\t<\/div>\n\t\t<\/div>\n\t\t\t\t\t<\/div>\n\t\t<\/section>\n\t\t\t\t\t<\/div>\n\t\t<\/div>\n\t\t\t\t\t<\/div>\n\t\t<\/section>\n\t\t\t\t<\/div>\n\t\t","protected":false},"excerpt":{"rendered":"<p>Mentions L\u00e9gales Identit\u00e9 Nom du site web : Normandy Jump Adresse : www.normandy-jump.fr Propri\u00e9taire : Thomas BROUT Responsable de publication : Thomas BROUT Conception et r\u00e9alisation : Thomas BROUT Animation : Thomas BROUT H\u00e9bergement : PlanetHoster Personne morale SARL TRAMPOLINE PARK NORMANDY JUMP SARL au capital de 12\u00a0720,00 \u20ac Si\u00e8ge social situ\u00e9 15 AV DE [&hellip;]<\/p>\n","protected":false},"author":3439,"featured_media":0,"parent":0,"menu_order":0,"comment_status":"closed","ping_status":"closed","template":"elementor_header_footer","meta":{"_exactmetrics_skip_tracking":false,"_exactmetrics_sitenote_active":false,"_exactmetrics_sitenote_note":"","_exactmetrics_sitenote_category":0,"footnotes":""},"class_list":["post-9865","page","type-page","status-publish","hentry"],"yoast_head":"<!-- This site is optimized with the Yoast SEO plugin v26.6 - https:\/\/yoast.com\/wordpress\/plugins\/seo\/ -->\n<title>Mentions L\u00e9gales - Trampoline Park Le Havre | Normandy Jump<\/title>\n<meta name=\"robots\" content=\"index, follow, max-snippet:-1, max-image-preview:large, max-video-preview:-1\" \/>\n<link rel=\"canonical\" href=\"https:\/\/www.normandy-jump.fr\/trampoline-park\/mentions-legales\/\" \/>\n<meta property=\"og:locale\" content=\"fr_FR\" \/>\n<meta property=\"og:type\" content=\"article\" \/>\n<meta property=\"og:title\" content=\"Mentions L\u00e9gales - Trampoline Park Le Havre | Normandy Jump\" \/>\n<meta property=\"og:description\" content=\"Mentions L\u00e9gales Identit\u00e9 Nom du site web : Normandy Jump Adresse : www.normandy-jump.fr Propri\u00e9taire : Thomas BROUT Responsable de publication : Thomas BROUT Conception et r\u00e9alisation : Thomas BROUT Animation : Thomas BROUT H\u00e9bergement : PlanetHoster Personne morale SARL TRAMPOLINE PARK NORMANDY JUMP SARL au capital de 12\u00a0720,00 \u20ac Si\u00e8ge social situ\u00e9 15 AV DE [&hellip;]\" \/>\n<meta property=\"og:url\" content=\"https:\/\/www.normandy-jump.fr\/trampoline-park\/mentions-legales\/\" \/>\n<meta property=\"og:site_name\" content=\"Trampoline Park Le Havre | Normandy Jump\" \/>\n<meta property=\"article:modified_time\" content=\"2024-04-10T17:03:31+00:00\" \/>\n<meta name=\"twitter:card\" content=\"summary_large_image\" \/>\n<meta name=\"twitter:label1\" content=\"Dur\u00e9e de lecture estim\u00e9e\" \/>\n\t<meta name=\"twitter:data1\" content=\"3 minutes\" \/>\n<script type=\"application\/ld+json\" class=\"yoast-schema-graph\">{\"@context\":\"https:\/\/schema.org\",\"@graph\":[{\"@type\":\"WebPage\",\"@id\":\"https:\/\/www.normandy-jump.fr\/trampoline-park\/mentions-legales\/\",\"url\":\"https:\/\/www.normandy-jump.fr\/trampoline-park\/mentions-legales\/\",\"name\":\"Mentions L\u00e9gales - Trampoline Park Le Havre | Normandy Jump\",\"isPartOf\":{\"@id\":\"https:\/\/www.normandy-jump.fr\/trampoline-park\/#website\"},\"datePublished\":\"2022-03-10T12:21:59+00:00\",\"dateModified\":\"2024-04-10T17:03:31+00:00\",\"breadcrumb\":{\"@id\":\"https:\/\/www.normandy-jump.fr\/trampoline-park\/mentions-legales\/#breadcrumb\"},\"inLanguage\":\"fr-FR\",\"potentialAction\":[{\"@type\":\"ReadAction\",\"target\":[\"https:\/\/www.normandy-jump.fr\/trampoline-park\/mentions-legales\/\"]}]},{\"@type\":\"BreadcrumbList\",\"@id\":\"https:\/\/www.normandy-jump.fr\/trampoline-park\/mentions-legales\/#breadcrumb\",\"itemListElement\":[{\"@type\":\"ListItem\",\"position\":1,\"name\":\"Accueil\",\"item\":\"https:\/\/www.normandy-jump.fr\/trampoline-park\/\"},{\"@type\":\"ListItem\",\"position\":2,\"name\":\"Mentions L\u00e9gales\"}]},{\"@type\":\"WebSite\",\"@id\":\"https:\/\/www.normandy-jump.fr\/trampoline-park\/#website\",\"url\":\"https:\/\/www.normandy-jump.fr\/trampoline-park\/\",\"name\":\"Trampoline Park Le Havre | Normandy Jump\",\"description\":\"Que vos envies et vos id\u00e9es prennent de la hauteur\",\"publisher\":{\"@id\":\"https:\/\/www.normandy-jump.fr\/trampoline-park\/#organization\"},\"potentialAction\":[{\"@type\":\"SearchAction\",\"target\":{\"@type\":\"EntryPoint\",\"urlTemplate\":\"https:\/\/www.normandy-jump.fr\/trampoline-park\/?s={search_term_string}\"},\"query-input\":{\"@type\":\"PropertyValueSpecification\",\"valueRequired\":true,\"valueName\":\"search_term_string\"}}],\"inLanguage\":\"fr-FR\"},{\"@type\":\"Organization\",\"@id\":\"https:\/\/www.normandy-jump.fr\/trampoline-park\/#organization\",\"name\":\"Trampoline Park Le Havre | Normandy Jump\",\"url\":\"https:\/\/www.normandy-jump.fr\/trampoline-park\/\",\"logo\":{\"@type\":\"ImageObject\",\"inLanguage\":\"fr-FR\",\"@id\":\"https:\/\/www.normandy-jump.fr\/trampoline-park\/#\/schema\/logo\/image\/\",\"url\":\"https:\/\/www.normandy-jump.fr\/trampoline-park\/wp-content\/uploads\/2025\/05\/cropped-cropped-unnamed-3-2.png\",\"contentUrl\":\"https:\/\/www.normandy-jump.fr\/trampoline-park\/wp-content\/uploads\/2025\/05\/cropped-cropped-unnamed-3-2.png\",\"width\":512,\"height\":389,\"caption\":\"Trampoline Park  Le Havre | Normandy Jump\"},\"image\":{\"@id\":\"https:\/\/www.normandy-jump.fr\/trampoline-park\/#\/schema\/logo\/image\/\"}}]}<\/script>\n<!-- \/ Yoast SEO plugin. -->","yoast_head_json":{"title":"Mentions L\u00e9gales - Trampoline Park Le Havre | Normandy Jump","robots":{"index":"index","follow":"follow","max-snippet":"max-snippet:-1","max-image-preview":"max-image-preview:large","max-video-preview":"max-video-preview:-1"},"canonical":"https:\/\/www.normandy-jump.fr\/trampoline-park\/mentions-legales\/","og_locale":"fr_FR","og_type":"article","og_title":"Mentions L\u00e9gales - Trampoline Park Le Havre | Normandy Jump","og_description":"Mentions L\u00e9gales Identit\u00e9 Nom du site web : Normandy Jump Adresse : www.normandy-jump.fr Propri\u00e9taire : Thomas BROUT Responsable de publication : Thomas BROUT Conception et r\u00e9alisation : Thomas BROUT Animation : Thomas BROUT H\u00e9bergement : PlanetHoster Personne morale SARL TRAMPOLINE PARK NORMANDY JUMP SARL au capital de 12\u00a0720,00 \u20ac Si\u00e8ge social situ\u00e9 15 AV DE [&hellip;]","og_url":"https:\/\/www.normandy-jump.fr\/trampoline-park\/mentions-legales\/","og_site_name":"Trampoline Park Le Havre | Normandy Jump","article_modified_time":"2024-04-10T17:03:31+00:00","twitter_card":"summary_large_image","twitter_misc":{"Dur\u00e9e de lecture estim\u00e9e":"3 minutes"},"schema":{"@context":"https:\/\/schema.org","@graph":[{"@type":"WebPage","@id":"https:\/\/www.normandy-jump.fr\/trampoline-park\/mentions-legales\/","url":"https:\/\/www.normandy-jump.fr\/trampoline-park\/mentions-legales\/","name":"Mentions L\u00e9gales - Trampoline Park Le Havre | Normandy Jump","isPartOf":{"@id":"https:\/\/www.normandy-jump.fr\/trampoline-park\/#website"},"datePublished":"2022-03-10T12:21:59+00:00","dateModified":"2024-04-10T17:03:31+00:00","breadcrumb":{"@id":"https:\/\/www.normandy-jump.fr\/trampoline-park\/mentions-legales\/#breadcrumb"},"inLanguage":"fr-FR","potentialAction":[{"@type":"ReadAction","target":["https:\/\/www.normandy-jump.fr\/trampoline-park\/mentions-legales\/"]}]},{"@type":"BreadcrumbList","@id":"https:\/\/www.normandy-jump.fr\/trampoline-park\/mentions-legales\/#breadcrumb","itemListElement":[{"@type":"ListItem","position":1,"name":"Accueil","item":"https:\/\/www.normandy-jump.fr\/trampoline-park\/"},{"@type":"ListItem","position":2,"name":"Mentions L\u00e9gales"}]},{"@type":"WebSite","@id":"https:\/\/www.normandy-jump.fr\/trampoline-park\/#website","url":"https:\/\/www.normandy-jump.fr\/trampoline-park\/","name":"Trampoline Park Le Havre | Normandy Jump","description":"Que vos envies et vos id\u00e9es prennent de la hauteur","publisher":{"@id":"https:\/\/www.normandy-jump.fr\/trampoline-park\/#organization"},"potentialAction":[{"@type":"SearchAction","target":{"@type":"EntryPoint","urlTemplate":"https:\/\/www.normandy-jump.fr\/trampoline-park\/?s={search_term_string}"},"query-input":{"@type":"PropertyValueSpecification","valueRequired":true,"valueName":"search_term_string"}}],"inLanguage":"fr-FR"},{"@type":"Organization","@id":"https:\/\/www.normandy-jump.fr\/trampoline-park\/#organization","name":"Trampoline Park Le Havre | Normandy Jump","url":"https:\/\/www.normandy-jump.fr\/trampoline-park\/","logo":{"@type":"ImageObject","inLanguage":"fr-FR","@id":"https:\/\/www.normandy-jump.fr\/trampoline-park\/#\/schema\/logo\/image\/","url":"https:\/\/www.normandy-jump.fr\/trampoline-park\/wp-content\/uploads\/2025\/05\/cropped-cropped-unnamed-3-2.png","contentUrl":"https:\/\/www.normandy-jump.fr\/trampoline-park\/wp-content\/uploads\/2025\/05\/cropped-cropped-unnamed-3-2.png","width":512,"height":389,"caption":"Trampoline Park  Le Havre | Normandy Jump"},"image":{"@id":"https:\/\/www.normandy-jump.fr\/trampoline-park\/#\/schema\/logo\/image\/"}}]}},"jetpack_sharing_enabled":true,"_links":{"self":[{"href":"https:\/\/www.normandy-jump.fr\/trampoline-park\/wp-json\/wp\/v2\/pages\/9865","targetHints":{"allow":["GET"]}}],"collection":[{"href":"https:\/\/www.normandy-jump.fr\/trampoline-park\/wp-json\/wp\/v2\/pages"}],"about":[{"href":"https:\/\/www.normandy-jump.fr\/trampoline-park\/wp-json\/wp\/v2\/types\/page"}],"author":[{"embeddable":true,"href":"https:\/\/www.normandy-jump.fr\/trampoline-park\/wp-json\/wp\/v2\/users\/3439"}],"replies":[{"embeddable":true,"href":"https:\/\/www.normandy-jump.fr\/trampoline-park\/wp-json\/wp\/v2\/comments?post=9865"}],"version-history":[{"count":5,"href":"https:\/\/www.normandy-jump.fr\/trampoline-park\/wp-json\/wp\/v2\/pages\/9865\/revisions"}],"predecessor-version":[{"id":16463,"href":"https:\/\/www.normandy-jump.fr\/trampoline-park\/wp-json\/wp\/v2\/pages\/9865\/revisions\/16463"}],"wp:attachment":[{"href":"https:\/\/www.normandy-jump.fr\/trampoline-park\/wp-json\/wp\/v2\/media?parent=9865"}],"curies":[{"name":"wp","href":"https:\/\/api.w.org\/{rel}","templated":true}]}}